{"id":1318,"date":"2025-08-31T12:07:53","date_gmt":"2025-08-31T12:07:53","guid":{"rendered":"https:\/\/paradiseofsilence.com\/about-us\/"},"modified":"2026-04-20T14:49:31","modified_gmt":"2026-04-20T14:49:31","slug":"about-paradise-of-silence","status":"publish","type":"page","link":"https:\/\/paradiseofsilence.com\/en\/about-paradise-of-silence\/","title":{"rendered":"About Us"},"content":{"rendered":"\t\t<div data-elementor-type=\"wp-page\" data-elementor-id=\"1318\" class=\"elementor elementor-1318 elementor-306\" data-elementor-post-type=\"page\">\n\t\t\t\t<div class=\"elementor-element elementor-element-8c12632 e-flex e-con-boxed e-con e-parent\" data-id=\"8c12632\" data-element_type=\"container\" data-e-type=\"container\" data-settings=\"{&quot;background_background&quot;:&quot;classic&quot;}\">\n\t\t\t\t\t<div class=\"e-con-inner\">\n\t\t<div class=\"elementor-element elementor-element-46f86d2 e-flex e-con-boxed e-con e-child\" data-id=\"46f86d2\" data-element_type=\"container\" data-e-type=\"container\">\n\t\t\t\t\t<div class=\"e-con-inner\">\n\t\t\t\t<div class=\"elementor-element elementor-element-b05d86f elementor-hidden-desktop elementor-hidden-tablet elementor-widget elementor-widget-image\" data-id=\"b05d86f\" data-element_type=\"widget\" data-e-type=\"widget\" data-widget_type=\"image.default\">\n\t\t\t\t\t\t\t\t\t\t\t\t\t\t\t<img fetchpriority=\"high\" decoding=\"async\" width=\"500\" height=\"500\" src=\"https:\/\/paradiseofsilence.com\/wp-content\/uploads\/2025\/10\/logo-v13.svg\" class=\"attachment-full size-full wp-image-3455\" alt=\"\" \/>\t\t\t\t\t\t\t\t\t\t\t\t\t\t\t<\/div>\n\t\t\t\t<div class=\"elementor-element elementor-element-9731b2f elementor-invisible elementor-widget elementor-widget-heading\" data-id=\"9731b2f\" data-element_type=\"widget\" data-e-type=\"widget\" data-settings=\"{&quot;_animation&quot;:&quot;fadeInUp&quot;,&quot;_animation_delay&quot;:350}\" data-widget_type=\"heading.default\">\n\t\t\t\t\t<h4 class=\"elementor-heading-title elementor-size-default\">Paradise of Silence, Riad Ait Ben Haddou near the Kasbah: Ouarzazate accommodation for an authentic stay in A\u00eft Ben Haddou.\n<\/h4>\t\t\t\t<\/div>\n\t\t\t\t\t<\/div>\n\t\t\t\t<\/div>\n\t\t\t\t\t<\/div>\n\t\t\t\t<\/div>\n\t\t<div class=\"elementor-element elementor-element-d3f5c97 e-flex e-con-boxed e-con e-parent\" data-id=\"d3f5c97\" data-element_type=\"container\" data-e-type=\"container\" data-settings=\"{&quot;background_background&quot;:&quot;classic&quot;}\">\n\t\t\t\t\t<div class=\"e-con-inner\">\n\t\t<div class=\"elementor-element elementor-element-4f0686f e-con-full e-flex e-con e-child\" data-id=\"4f0686f\" data-element_type=\"container\" data-e-type=\"container\">\n\t\t\t\t<div class=\"elementor-element elementor-element-cbe7fca elementor-invisible elementor-widget elementor-widget-heading\" data-id=\"cbe7fca\" data-element_type=\"widget\" data-e-type=\"widget\" data-settings=\"{&quot;_animation_delay&quot;:200,&quot;_animation&quot;:&quot;fadeInUp&quot;}\" data-widget_type=\"heading.default\">\n\t\t\t\t\t<h6 class=\"elementor-heading-title elementor-size-default\">Presentation<\/h6>\t\t\t\t<\/div>\n\t\t\t\t<div class=\"elementor-element elementor-element-51f14fa elementor-invisible elementor-widget elementor-widget-heading\" data-id=\"51f14fa\" data-element_type=\"widget\" data-e-type=\"widget\" data-settings=\"{&quot;_animation&quot;:&quot;fadeInUp&quot;,&quot;_animation_delay&quot;:300}\" data-widget_type=\"heading.default\">\n\t\t\t\t\t<h2 class=\"elementor-heading-title elementor-size-default\">An Authentic Riad in A\u00eft Ben Haddou, Berber Heritage &amp; Moroccan Hospitality<\/h2>\t\t\t\t<\/div>\n\t\t\t\t<div class=\"elementor-element elementor-element-735f5bd elementor-invisible elementor-widget elementor-widget-heading\" data-id=\"735f5bd\" data-element_type=\"widget\" data-e-type=\"widget\" data-settings=\"{&quot;_animation&quot;:&quot;fadeInUp&quot;,&quot;_animation_delay&quot;:350}\" data-widget_type=\"heading.default\">\n\t\t\t\t\t<p class=\"elementor-heading-title elementor-size-default\">At the heart of the UNESCO-listed A\u00eft Ben Haddou, near Ouarzazate, Riad Paradise of Silence embodies the Moroccan art of hospitality. More than just a stay, our riad in A\u00eft Ben Haddou blends Berber traditions with modern comfort. Every detail has been designed for your well-being, in a unique setting nestled between the desert and the High Atlas Mountains.   <\/p>\t\t\t\t<\/div>\n\t\t<div class=\"elementor-element elementor-element-52ea70e e-grid e-con-full e-con e-child\" data-id=\"52ea70e\" data-element_type=\"container\" data-e-type=\"container\">\n\t\t\t\t<div class=\"elementor-element elementor-element-5b001af elementor-position-left elementor-position-left elementor-vertical-align-middle elementor-widget-tablet__width-inherit elementor-vertical-align-top elementor-invisible elementor-widget elementor-widget-image-box\" data-id=\"5b001af\" data-element_type=\"widget\" data-e-type=\"widget\" data-settings=\"{&quot;_animation&quot;:&quot;fadeInUp&quot;,&quot;_animation_delay&quot;:200}\" data-widget_type=\"image-box.default\">\n\t\t\t\t\t<div class=\"elementor-image-box-wrapper\"><figure class=\"elementor-image-box-img\"><img decoding=\"async\" width=\"54\" height=\"42\" src=\"https:\/\/paradiseofsilence.com\/wp-content\/uploads\/2025\/08\/40-1.png\" class=\"attachment-full size-full wp-image-1243\" alt=\"\" \/><\/figure><div class=\"elementor-image-box-content\"><div class=\"elementor-image-box-title\">Authentic Stay<\/div><p class=\"elementor-image-box-description\">Traditional rooms with exceptional views.<\/p><\/div><\/div>\t\t\t\t<\/div>\n\t\t\t\t<div class=\"elementor-element elementor-element-7250c4f elementor-position-left elementor-widget-tablet__width-inherit elementor-vertical-align-middle elementor-invisible elementor-widget elementor-widget-image-box\" data-id=\"7250c4f\" data-element_type=\"widget\" data-e-type=\"widget\" data-settings=\"{&quot;_animation&quot;:&quot;fadeInUp&quot;,&quot;_animation_delay&quot;:375}\" data-widget_type=\"image-box.default\">\n\t\t\t\t\t<div class=\"elementor-image-box-wrapper\"><figure class=\"elementor-image-box-img\"><img decoding=\"async\" width=\"54\" height=\"54\" src=\"https:\/\/paradiseofsilence.com\/wp-content\/uploads\/2025\/10\/tajine.svg\" class=\"attachment-full size-full wp-image-3441\" alt=\"\" \/><\/figure><div class=\"elementor-image-box-content\"><div class=\"elementor-image-box-title\">Moroccan Flavors<\/div><p class=\"elementor-image-box-description\">Homemade local cuisine prepared with fresh ingredients.<\/p><\/div><\/div>\t\t\t\t<\/div>\n\t\t\t\t<div class=\"elementor-element elementor-element-6484349 elementor-position-left elementor-widget-tablet__width-inherit elementor-position-left elementor-vertical-align-middle elementor-vertical-align-top elementor-invisible elementor-widget elementor-widget-image-box\" data-id=\"6484349\" data-element_type=\"widget\" data-e-type=\"widget\" data-settings=\"{&quot;_animation&quot;:&quot;fadeInUp&quot;,&quot;_animation_delay&quot;:200}\" data-widget_type=\"image-box.default\">\n\t\t\t\t\t<div class=\"elementor-image-box-wrapper\"><figure class=\"elementor-image-box-img\"><img loading=\"lazy\" decoding=\"async\" width=\"54\" height=\"41\" src=\"https:\/\/paradiseofsilence.com\/wp-content\/uploads\/2025\/08\/51-1.png\" class=\"attachment-full size-full wp-image-1245\" alt=\"\" \/><\/figure><div class=\"elementor-image-box-content\"><div class=\"elementor-image-box-title\">Wellness Retreat<\/div><p class=\"elementor-image-box-description\">A peaceful setting to rejuvenate in the heart of the desert.<\/p><\/div><\/div>\t\t\t\t<\/div>\n\t\t\t\t<div class=\"elementor-element elementor-element-36b8ae4 elementor-position-left elementor-widget-tablet__width-inherit elementor-vertical-align-middle elementor-invisible elementor-widget elementor-widget-image-box\" data-id=\"36b8ae4\" data-element_type=\"widget\" data-e-type=\"widget\" data-settings=\"{&quot;_animation&quot;:&quot;fadeInUp&quot;,&quot;_animation_delay&quot;:375}\" data-widget_type=\"image-box.default\">\n\t\t\t\t\t<div class=\"elementor-image-box-wrapper\"><figure class=\"elementor-image-box-img\"><img loading=\"lazy\" decoding=\"async\" width=\"54\" height=\"54\" src=\"https:\/\/paradiseofsilence.com\/wp-content\/uploads\/2025\/10\/jardin-5.svg\" class=\"attachment-full size-full wp-image-3442\" alt=\"\" \/><\/figure><div class=\"elementor-image-box-content\"><div class=\"elementor-image-box-title\">Social Spaces<\/div><p class=\"elementor-image-box-description\">Patio, garden, swimming pool, Saharan tent, and warm, welcoming lounges.<\/p><\/div><\/div>\t\t\t\t<\/div>\n\t\t\t\t<\/div>\n\t\t\t\t<\/div>\n\t\t\t\t\t<\/div>\n\t\t\t\t<\/div>\n\t\t<div class=\"elementor-element elementor-element-e0b27d3 e-flex e-con-boxed e-con e-parent\" data-id=\"e0b27d3\" data-element_type=\"container\" data-e-type=\"container\">\n\t\t\t\t\t<div class=\"e-con-inner\">\n\t\t<div class=\"elementor-element elementor-element-6aeb524 e-con-full e-flex e-con e-child\" data-id=\"6aeb524\" data-element_type=\"container\" data-e-type=\"container\">\n\t\t<div class=\"elementor-element elementor-element-c4b6159 e-con-full listing-grid-parent e-flex e-con e-child\" data-id=\"c4b6159\" data-element_type=\"container\" data-e-type=\"container\">\n\t\t<div class=\"elementor-element elementor-element-8e2264e e-con-full e-flex e-con e-child\" data-id=\"8e2264e\" data-element_type=\"container\" data-e-type=\"container\" data-settings=\"{&quot;background_background&quot;:&quot;classic&quot;}\">\n\t\t\t\t<\/div>\n\t\t<div class=\"elementor-element elementor-element-91995f7 e-con-full e-flex e-con e-child\" data-id=\"91995f7\" data-element_type=\"container\" data-e-type=\"container\">\n\t\t\t\t<div class=\"elementor-element elementor-element-88c5277 elementor-invisible elementor-widget elementor-widget-heading\" data-id=\"88c5277\" data-element_type=\"widget\" data-e-type=\"widget\" data-settings=\"{&quot;_animation&quot;:&quot;fadeInUp&quot;,&quot;_animation_delay&quot;:200}\" data-widget_type=\"heading.default\">\n\t\t\t\t\t<h6 class=\"elementor-heading-title elementor-size-default\">The Riad<\/h6>\t\t\t\t<\/div>\n\t\t\t\t<div class=\"elementor-element elementor-element-35947c5 elementor-widget__width-inherit elementor-widget elementor-widget-heading\" data-id=\"35947c5\" data-element_type=\"widget\" data-e-type=\"widget\" data-widget_type=\"heading.default\">\n\t\t\t\t\t<h1 class=\"elementor-heading-title elementor-size-default\">A charming guest house in the heart of A\u00eft Ben Haddou<\/h1>\t\t\t\t<\/div>\n\t\t\t\t<div class=\"elementor-element elementor-element-43dcf6e elementor-widget__width-initial elementor-widget elementor-widget-text-editor\" data-id=\"43dcf6e\" data-element_type=\"widget\" data-e-type=\"widget\" data-widget_type=\"text-editor.default\">\n\t\t\t\t\t\t\t\t\t<p data-start=\"298\" data-end=\"632\">Riad Paradise of Silence is an intimate guest house inspired by traditional Berber architecture. Earthen walls, vaulted ceilings, and open-air patios\u2014complemented by touches of local craftsmanship\u2014create a warm and soothing atmosphere, ideal for relaxing after a day of exploring the A\u00eft Ben Haddou Kasbah. <\/p><p data-start=\"634\" data-end=\"928\">With its 12 rooms and suites, the riad intentionally maintains a human scale. Each room is decorated with simplicity and elegance, playing with natural materials, light, and the colors of the desert. You will enjoy modern comfort while staying connected to the soul of the Moroccan South.  <\/p><p data-start=\"930\" data-end=\"1244\">From the moment you arrive, we welcome you with mint tea and a smile. Our team is at your service to organize your stay, recommend a walk or a visit, or point you toward a sunset you shouldn&#8217;t miss. Here, you are not just a passing guest, but a friend received just like at home.  <\/p>\t\t\t\t\t\t\t\t<\/div>\n\t\t\t\t<\/div>\n\t\t\t\t<\/div>\n\t\t<div class=\"elementor-element elementor-element-7b5ff36 e-con-full listing-grid-parent e-flex e-con e-child\" data-id=\"7b5ff36\" data-element_type=\"container\" data-e-type=\"container\">\n\t\t<div class=\"elementor-element elementor-element-11a2f5c e-con-full e-flex e-con e-child\" data-id=\"11a2f5c\" data-element_type=\"container\" data-e-type=\"container\">\n\t\t\t\t<div class=\"elementor-element elementor-element-119c24f elementor-invisible elementor-widget elementor-widget-heading\" data-id=\"119c24f\" data-element_type=\"widget\" data-e-type=\"widget\" data-settings=\"{&quot;_animation&quot;:&quot;fadeInUp&quot;,&quot;_animation_delay&quot;:200}\" data-widget_type=\"heading.default\">\n\t\t\t\t\t<h6 class=\"elementor-heading-title elementor-size-default\">THE RESTAURANT<\/h6>\t\t\t\t<\/div>\n\t\t\t\t<div class=\"elementor-element elementor-element-db683bb elementor-widget__width-inherit elementor-widget elementor-widget-heading\" data-id=\"db683bb\" data-element_type=\"widget\" data-e-type=\"widget\" data-widget_type=\"heading.default\">\n\t\t\t\t\t<h1 class=\"elementor-heading-title elementor-size-default\">HOMEMADE MOROCCAN CUISINE, SIMPLE AND GENEROUS<\/h1>\t\t\t\t<\/div>\n\t\t\t\t<div class=\"elementor-element elementor-element-c62b2ab elementor-widget__width-initial elementor-widget elementor-widget-text-editor\" data-id=\"c62b2ab\" data-element_type=\"widget\" data-e-type=\"widget\" data-widget_type=\"text-editor.default\">\n\t\t\t\t\t\t\t\t\t<p data-start=\"203\" data-end=\"705\">At Riad Paradise of Silence, our guest table honors homemade Moroccan cuisine, inspired by family recipes and local products. Traditional breads, colorful salads, slow-cooked tagines, and fragrant couscous&#8230; every meal is prepared on-site with care, prioritizing local and seasonal ingredients. Breakfast, served in the quiet of the patio or the dining room, allows you to start your day softly, bathed in the morning light.  <\/p><p data-start=\"707\" data-end=\"1183\" data-is-last-node=\"\" data-is-only-node=\"\">In the evening, the atmosphere becomes more intimate: you share a dinner in a warm setting, amidst earthen walls, Berber rugs, and lanterns. We take care to preserve both silence and conviviality, ensuring this moment is a true break after your visits to A\u00eft Ben Haddou. Upon request, we can adapt our menus (vegetarian options, lighter fare, or special occasions) so that everyone feels expected and well-welcomed around the table at Riad Paradise of Silence.  <\/p>\t\t\t\t\t\t\t\t<\/div>\n\t\t\t\t<\/div>\n\t\t<div class=\"elementor-element elementor-element-5a6a640 e-con-full e-flex e-con e-child\" data-id=\"5a6a640\" data-element_type=\"container\" data-e-type=\"container\" data-settings=\"{&quot;background_background&quot;:&quot;classic&quot;}\">\n\t\t\t\t<\/div>\n\t\t\t\t<\/div>\n\t\t<div class=\"elementor-element elementor-element-882229d e-con-full listing-grid-parent e-flex e-con e-child\" data-id=\"882229d\" data-element_type=\"container\" data-e-type=\"container\">\n\t\t<div class=\"elementor-element elementor-element-58e0d2b e-con-full e-flex e-con e-child\" data-id=\"58e0d2b\" data-element_type=\"container\" data-e-type=\"container\" data-settings=\"{&quot;background_background&quot;:&quot;classic&quot;}\">\n\t\t\t\t<\/div>\n\t\t<div class=\"elementor-element elementor-element-4edd213 e-con-full e-flex e-con e-child\" data-id=\"4edd213\" data-element_type=\"container\" data-e-type=\"container\">\n\t\t\t\t<div class=\"elementor-element elementor-element-22abd46 elementor-invisible elementor-widget elementor-widget-heading\" data-id=\"22abd46\" data-element_type=\"widget\" data-e-type=\"widget\" data-settings=\"{&quot;_animation&quot;:&quot;fadeInUp&quot;,&quot;_animation_delay&quot;:200}\" data-widget_type=\"heading.default\">\n\t\t\t\t\t<h6 class=\"elementor-heading-title elementor-size-default\">Our Expertise<\/h6>\t\t\t\t<\/div>\n\t\t\t\t<div class=\"elementor-element elementor-element-263cbe9 elementor-widget__width-inherit elementor-widget elementor-widget-heading\" data-id=\"263cbe9\" data-element_type=\"widget\" data-e-type=\"widget\" data-widget_type=\"heading.default\">\n\t\t\t\t\t<h1 class=\"elementor-heading-title elementor-size-default\">Silence, Berber Hospitality, and Respect for Nature<\/h1>\t\t\t\t<\/div>\n\t\t\t\t<div class=\"elementor-element elementor-element-477a814 elementor-widget__width-initial elementor-widget elementor-widget-text-editor\" data-id=\"477a814\" data-element_type=\"widget\" data-e-type=\"widget\" data-widget_type=\"text-editor.default\">\n\t\t\t\t\t\t\t\t\t<p data-start=\"2436\" data-end=\"2761\">Paradise of Silence carries a promise: to offer you a place where you can finally slow down. We take care to preserve the calm of the riad by minimizing noise and prioritizing a soft atmosphere. Here, you listen to the wind, the birds, the sounds of the village, and the crackle of tea as it steeps.  <\/p><p data-start=\"2763\" data-end=\"3077\">Hospitality is at the very heart of our guest house. We love taking the time to talk with you, sharing a recommendation, a story, or a local custom. We work closely with nearby artisans and producers to support the local economy of A\u00eft Ben Haddou and to showcase Berber craftsmanship.  <\/p><p data-start=\"3079\" data-end=\"3416\">As much as possible, we adopt an eco-friendly approach: mindful water management, a focus on local products, seasonal cuisine, and short-circuit sourcing for our supplies. Staying at Riad Paradise of Silence means choosing authentic and responsible accommodation that is deeply connected to its land. <\/p>\t\t\t\t\t\t\t\t<\/div>\n\t\t\t\t<\/div>\n\t\t\t\t<\/div>\n\t\t\t\t<\/div>\n\t\t\t\t\t<\/div>\n\t\t\t\t<\/div>\n\t\t<div class=\"elementor-element elementor-element-baa70a8 e-flex e-con-boxed e-con e-parent\" data-id=\"baa70a8\" data-element_type=\"container\" data-e-type=\"container\" data-settings=\"{&quot;background_background&quot;:&quot;classic&quot;}\">\n\t\t\t\t\t<div class=\"e-con-inner\">\n\t\t\t\t<div class=\"elementor-element elementor-element-714f2f6 elementor-align--tabletcenter elementor-widget__width-auto book-now-floating-btn elementor-invisible elementor-widget elementor-widget-elementskit-button\" data-id=\"714f2f6\" data-element_type=\"widget\" data-e-type=\"widget\" data-settings=\"{&quot;_animation&quot;:&quot;fadeInLeft&quot;}\" data-widget_type=\"elementskit-button.default\">\n\t\t\t\t\t<div class=\"ekit-wid-con\" >\t\t<div class=\"ekit-btn-wraper\">\n\t\t\t\t\t\t\t<a href=\"https:\/\/paradiseofsilence.thais-hotel.com\/direct-booking\" class=\"elementskit-btn  whitespace--normal\" id=\"\" target=\"_blank\" rel=\"noopener\">\n\t\t\t\t\t<svg class=\"e-font-icon-svg e-fas-bed\" viewBox=\"0 0 640 512\" xmlns=\"http:\/\/www.w3.org\/2000\/svg\"><path d=\"M176 256c44.11 0 80-35.89 80-80s-35.89-80-80-80-80 35.89-80 80 35.89 80 80 80zm352-128H304c-8.84 0-16 7.16-16 16v144H64V80c0-8.84-7.16-16-16-16H16C7.16 64 0 71.16 0 80v352c0 8.84 7.16 16 16 16h32c8.84 0 16-7.16 16-16v-48h512v48c0 8.84 7.16 16 16 16h32c8.84 0 16-7.16 16-16V240c0-61.86-50.14-112-112-112z\"><\/path><\/svg>Book now\t\t\t\t<\/a>\n\t\t\t\t\t<\/div>\n        <\/div>\t\t\t\t<\/div>\n\t\t\t\t\t<\/div>\n\t\t\t\t<\/div>\n\t\t\t\t<\/div>\n\t\t","protected":false},"excerpt":{"rendered":"<p>Paradise of Silence, Riad Ait Ben Haddou near the Kasbah: Ouarzazate accommodation for an authentic stay in A\u00eft Ben Haddou. Presentation An Authentic Riad in A\u00eft Ben Haddou, Berber Heritage &amp; Moroccan Hospitality At the heart of the UNESCO-listed A\u00eft Ben Haddou, near Ouarzazate, Riad Paradise of Silence embodies the Moroccan art of hospitality. More [&hellip;]<\/p>\n","protected":false},"author":2,"featured_media":0,"parent":0,"menu_order":0,"comment_status":"closed","ping_status":"closed","template":"elementor_header_footer","meta":{"inline_featured_image":false,"footnotes":""},"class_list":["post-1318","page","type-page","status-publish","hentry"],"_hostinger_reach_plugin_has_subscription_block":false,"_hostinger_reach_plugin_is_elementor":false,"_links":{"self":[{"href":"https:\/\/paradiseofsilence.com\/en\/wp-json\/wp\/v2\/pages\/1318","targetHints":{"allow":["GET"]}}],"collection":[{"href":"https:\/\/paradiseofsilence.com\/en\/wp-json\/wp\/v2\/pages"}],"about":[{"href":"https:\/\/paradiseofsilence.com\/en\/wp-json\/wp\/v2\/types\/page"}],"author":[{"embeddable":true,"href":"https:\/\/paradiseofsilence.com\/en\/wp-json\/wp\/v2\/users\/2"}],"replies":[{"embeddable":true,"href":"https:\/\/paradiseofsilence.com\/en\/wp-json\/wp\/v2\/comments?post=1318"}],"version-history":[{"count":3,"href":"https:\/\/paradiseofsilence.com\/en\/wp-json\/wp\/v2\/pages\/1318\/revisions"}],"predecessor-version":[{"id":3485,"href":"https:\/\/paradiseofsilence.com\/en\/wp-json\/wp\/v2\/pages\/1318\/revisions\/3485"}],"wp:attachment":[{"href":"https:\/\/paradiseofsilence.com\/en\/wp-json\/wp\/v2\/media?parent=1318"}],"curies":[{"name":"wp","href":"https:\/\/api.w.org\/{rel}","templated":true}]}}